{"id":1359,"date":"2023-04-12T19:06:21","date_gmt":"2023-04-12T17:06:21","guid":{"rendered":"https:\/\/boatsman-financials.de\/?page_id=1359"},"modified":"2026-03-26T11:14:36","modified_gmt":"2026-03-26T10:14:36","slug":"imprint","status":"publish","type":"page","link":"https:\/\/boatsman-financials.de\/en\/impressum\/","title":{"rendered":"Imprint"},"content":{"rendered":"<div data-elementor-type=\"wp-page\" data-elementor-id=\"1359\" class=\"elementor elementor-1359\" data-elementor-post-type=\"page\">\n\t\t\t\t<div class=\"elementor-element elementor-element-d3a3599 e-flex e-con-boxed e-con e-parent\" data-id=\"d3a3599\" data-element_type=\"container\" data-e-type=\"container\" data-settings=\"{&quot;background_background&quot;:&quot;gradient&quot;}\">\n\t\t\t\t\t<div class=\"e-con-inner\">\n\t\t<div class=\"elementor-element elementor-element-9784b0c e-con-full e-flex e-con e-child\" data-id=\"9784b0c\" data-element_type=\"container\" data-e-type=\"container\">\n\t\t\t\t<div class=\"elementor-element elementor-element-7a59f60 elementor-align-right elementor-widget elementor-widget-breadcrumbs\" data-id=\"7a59f60\" data-element_type=\"widget\" data-e-type=\"widget\" data-widget_type=\"breadcrumbs.default\">\n\t\t\t\t<div class=\"elementor-widget-container\">\n\t\t\t\t\t<p id=\"breadcrumbs\"><span><span><a href=\"https:\/\/boatsman-financials.de\/en\/\">Homepage<\/a><\/span><\/span><\/p>\t\t\t\t<\/div>\n\t\t\t\t<\/div>\n\t\t\t\t<\/div>\n\t\t\t\t\t<\/div>\n\t\t\t\t<\/div>\n\t\t<div class=\"elementor-element elementor-element-bddff6e e-flex e-con-boxed e-con e-parent\" data-id=\"bddff6e\" data-element_type=\"container\" data-e-type=\"container\" data-settings=\"{&quot;background_background&quot;:&quot;classic&quot;}\">\n\t\t\t\t\t<div class=\"e-con-inner\">\n\t\t\t\t<div class=\"elementor-element elementor-element-5a433ce elementor-invisible elementor-widget elementor-widget-heading\" data-id=\"5a433ce\" data-element_type=\"widget\" data-e-type=\"widget\" data-settings=\"{&quot;_animation&quot;:&quot;slideInLeft&quot;}\" data-widget_type=\"heading.default\">\n\t\t\t\t<div class=\"elementor-widget-container\">\n\t\t\t\t\t<h1 class=\"elementor-heading-title elementor-size-default\">Imprint<\/h1>\t\t\t\t<\/div>\n\t\t\t\t<\/div>\n\t\t\t\t\t<\/div>\n\t\t\t\t<\/div>\n\t\t<div class=\"elementor-element elementor-element-9b9b98b e-flex e-con-boxed e-con e-parent\" data-id=\"9b9b98b\" data-element_type=\"container\" data-e-type=\"container\">\n\t\t\t\t\t<div class=\"e-con-inner\">\n\t\t<div class=\"elementor-element elementor-element-a3cbbd0 e-con-full e-flex e-con e-child\" data-id=\"a3cbbd0\" data-element_type=\"container\" data-e-type=\"container\">\n\t\t\t\t<div class=\"elementor-element elementor-element-ec44c7a elementor-widget elementor-widget-text-editor\" data-id=\"ec44c7a\" data-element_type=\"widget\" data-e-type=\"widget\" data-widget_type=\"text-editor.default\">\n\t\t\t\t<div class=\"elementor-widget-container\">\n\t\t\t\t\t\t\t\t\t<p><strong>Boatsman Financials GmbH<\/strong><\/p><p><strong>Address<\/strong><br \/>Senator-Borttscheller-Str. 1b<br \/>27568 Bremerhaven<\/p><p><strong>Email<\/strong><br \/>info@boatsman-financials.de<\/p><p><strong>Phone\u00a0<\/strong><br \/>+49(0)157 92 50 14 10<\/p><p>Responsible for content: according to \u00a7 10 paragraph 3 MDStV Mr. Marek Endter with above address<\/p>\t\t\t\t\t\t\t\t<\/div>\n\t\t\t\t<\/div>\n\t\t\t\t<div class=\"elementor-element elementor-element-d0783d3 elementor-widget-divider--view-line elementor-widget elementor-widget-divider\" data-id=\"d0783d3\" data-element_type=\"widget\" data-e-type=\"widget\" data-widget_type=\"divider.default\">\n\t\t\t\t<div class=\"elementor-widget-container\">\n\t\t\t\t\t\t\t<div class=\"elementor-divider\">\n\t\t\t<span class=\"elementor-divider-separator\">\n\t\t\t\t\t\t<\/span>\n\t\t<\/div>\n\t\t\t\t\t\t<\/div>\n\t\t\t\t<\/div>\n\t\t\t\t<div class=\"elementor-element elementor-element-1c8ce1d elementor-widget elementor-widget-text-editor\" data-id=\"1c8ce1d\" data-element_type=\"widget\" data-e-type=\"widget\" data-widget_type=\"text-editor.default\">\n\t\t\t\t<div class=\"elementor-widget-container\">\n\t\t\t\t\t\t\t\t\t<p><strong>Graphics and images<\/strong><br \/>Images from Pixabay.com and Unsplash.com:<br \/>All images and videos provided on Pixabay and Unsplash are in the public domain according to the Creative Commons CC0 waiver. As far as legally possible, all copyrights and related rights to the content have been assigned by the authors. The images and videos are thus not subject to any copying rights and can be used - modified or unmodified - free of charge for commercial and non-commercial applications in digital or printed form without image credits or source citation.<\/p><p><strong>Dispute resolution<br \/><\/strong>The European Commission provides a platform for online dispute resolution (ODR) at http:\/\/ec.europa.eu\/consumers\/odr. Please note that we do not currently participate in the alternative dispute resolution procedure offered there.<\/p><p><strong>Liability clause<\/strong><br \/>The contents of this web project have been carefully checked and compiled to the best of our knowledge. However, no claim is made for the completeness, topicality, quality and correctness of the information presented here. No responsibility can be accepted for damage of any kind resulting from reliance on the contents of this website or its use.<\/p><p><strong>Copyright<\/strong><br \/>The layout and design of the website as a whole and its individual elements are protected by copyright. The same applies to the editorial contributions in detail as well as their selection and compilation. Further use and reproduction are only permitted for private purposes, no changes may be made to them, and the source must be identified. Public use of the offer may only take place with the consent of the operator. The official information and notices are excepted from this. They may be freely used by anyone without special permission. Photos and graphics may only be used without special permission from the operator if this is expressly stated on the respective page.<\/p><p><strong>Infringement of property rights<\/strong><br \/>If you suspect that one of your property rights is being infringed by this website, please inform us immediately so that a remedy can be found immediately. Please note: The involvement of a lawyer for the purpose of issuing a warning notice, which would incur costs for the provider, is not in accordance with our wishes and is rejected in the sense of the duty to minimise damage!<\/p>\t\t\t\t\t\t\t\t<\/div>\n\t\t\t\t<\/div>\n\t\t\t\t<\/div>\n\t\t\t\t\t<\/div>\n\t\t\t\t<\/div>\n\t\t\t\t<\/div>","protected":false},"excerpt":{"rendered":"<p>Boatsman Financials GmbH AdresseSenator-Borttscheller-Str. 1b27568 Bremerhaven Emailinfo@boatsman-financials.de Telefon\u00a0+49(0)157 92 50 14 10 Inhaltlich Verantwortlicher: gem\u00e4\u00df \u00a7 10 Absatz 3 MDStV Herr Marek Endter mit obiger Anschrift Grafiken und BilderBilder von Pixabay.com und Unsplash.com:Alle bereitgestellten Bilder und Videos auf Pixabay und Unsplash sind gemeinfrei (Public Domain) entsprechend der Verzichtserkl\u00e4rung Creative Commons CC0. Soweit gesetzlich m\u00f6glich, wurden [&hellip;]<\/p>\n","protected":false},"author":4,"featured_media":0,"parent":0,"menu_order":0,"comment_status":"closed","ping_status":"closed","template":"","meta":{"_acf_changed":false,"footnotes":"","_wp_rev_ctl_limit":""},"class_list":["post-1359","page","type-page","status-publish","hentry"],"acf":[],"yoast_head":"<!-- This site is optimized with the Yoast SEO Premium plugin v27.2 (Yoast SEO v27.4) - https:\/\/yoast.com\/product\/yoast-seo-premium-wordpress\/ -->\n<title>Impressum - Boatsman Financials<\/title>\n<meta name=\"robots\" content=\"index, follow, max-snippet:-1, max-image-preview:large, max-video-preview:-1\" \/>\n<link rel=\"canonical\" href=\"https:\/\/boatsman-financials.de\/en\/imprint\/\" \/>\n<meta property=\"og:locale\" content=\"en_GB\" \/>\n<meta property=\"og:type\" content=\"article\" \/>\n<meta property=\"og:title\" content=\"Impressum\" \/>\n<meta property=\"og:description\" content=\"Boatsman Financials GmbH AdresseSenator-Borttscheller-Str. 1b27568 Bremerhaven Emailinfo@boatsman-financials.de Telefon\u00a0+49(0)157 92 50 14 10 Inhaltlich Verantwortlicher: gem\u00e4\u00df \u00a7 10 Absatz 3 MDStV Herr Marek Endter mit obiger Anschrift Grafiken und BilderBilder von Pixabay.com und Unsplash.com:Alle bereitgestellten Bilder und Videos auf Pixabay und Unsplash sind gemeinfrei (Public Domain) entsprechend der Verzichtserkl\u00e4rung Creative Commons CC0. Soweit gesetzlich m\u00f6glich, wurden [&hellip;]\" \/>\n<meta property=\"og:url\" content=\"https:\/\/boatsman-financials.de\/en\/imprint\/\" \/>\n<meta property=\"og:site_name\" content=\"Boatsman Financials\" \/>\n<meta property=\"article:modified_time\" content=\"2026-03-26T10:14:36+00:00\" \/>\n<meta name=\"twitter:card\" content=\"summary_large_image\" \/>\n<meta name=\"twitter:label1\" content=\"Estimated reading time\" \/>\n\t<meta name=\"twitter:data1\" content=\"2 minutes\" \/>\n<script type=\"application\/ld+json\" class=\"yoast-schema-graph\">{\"@context\":\"https:\\\/\\\/schema.org\",\"@graph\":[{\"@type\":\"WebPage\",\"@id\":\"https:\\\/\\\/boatsman-financials.de\\\/impressum\\\/\",\"url\":\"https:\\\/\\\/boatsman-financials.de\\\/impressum\\\/\",\"name\":\"Impressum - Boatsman Financials\",\"isPartOf\":{\"@id\":\"https:\\\/\\\/boatsman-financials.de\\\/#website\"},\"datePublished\":\"2023-04-12T17:06:21+00:00\",\"dateModified\":\"2026-03-26T10:14:36+00:00\",\"breadcrumb\":{\"@id\":\"https:\\\/\\\/boatsman-financials.de\\\/impressum\\\/#breadcrumb\"},\"inLanguage\":\"en-GB\",\"potentialAction\":[{\"@type\":\"ReadAction\",\"target\":[\"https:\\\/\\\/boatsman-financials.de\\\/impressum\\\/\"]}]},{\"@type\":\"BreadcrumbList\",\"@id\":\"https:\\\/\\\/boatsman-financials.de\\\/impressum\\\/#breadcrumb\",\"itemListElement\":[{\"@type\":\"ListItem\",\"position\":1,\"name\":\"Startseite\",\"item\":\"https:\\\/\\\/boatsman-financials.de\\\/\"},{\"@type\":\"ListItem\",\"position\":2,\"name\":\"Impressum\"}]},{\"@type\":\"WebSite\",\"@id\":\"https:\\\/\\\/boatsman-financials.de\\\/#website\",\"url\":\"https:\\\/\\\/boatsman-financials.de\\\/\",\"name\":\"Boatsman Financials\",\"description\":\"Dein Ansprechpartner f\u00fcr ausl\u00e4ndische Gesch\u00e4fte\",\"publisher\":{\"@id\":\"https:\\\/\\\/boatsman-financials.de\\\/#organization\"},\"potentialAction\":[{\"@type\":\"SearchAction\",\"target\":{\"@type\":\"EntryPoint\",\"urlTemplate\":\"https:\\\/\\\/boatsman-financials.de\\\/?s={search_term_string}\"},\"query-input\":{\"@type\":\"PropertyValueSpecification\",\"valueRequired\":true,\"valueName\":\"search_term_string\"}}],\"inLanguage\":\"en-GB\"},{\"@type\":\"Organization\",\"@id\":\"https:\\\/\\\/boatsman-financials.de\\\/#organization\",\"name\":\"Boatsman Financials\",\"url\":\"https:\\\/\\\/boatsman-financials.de\\\/\",\"logo\":{\"@type\":\"ImageObject\",\"inLanguage\":\"en-GB\",\"@id\":\"https:\\\/\\\/boatsman-financials.de\\\/#\\\/schema\\\/logo\\\/image\\\/\",\"url\":\"https:\\\/\\\/boatsman-financials.de\\\/wp-content\\\/uploads\\\/2023\\\/10\\\/Boatsman-Financials-Logo.png\",\"contentUrl\":\"https:\\\/\\\/boatsman-financials.de\\\/wp-content\\\/uploads\\\/2023\\\/10\\\/Boatsman-Financials-Logo.png\",\"width\":1920,\"height\":721,\"caption\":\"Boatsman Financials\"},\"image\":{\"@id\":\"https:\\\/\\\/boatsman-financials.de\\\/#\\\/schema\\\/logo\\\/image\\\/\"}}]}<\/script>\n<!-- \/ Yoast SEO Premium plugin. -->","yoast_head_json":{"title":"Imprint - Boatsman Financials","robots":{"index":"index","follow":"follow","max-snippet":"max-snippet:-1","max-image-preview":"max-image-preview:large","max-video-preview":"max-video-preview:-1"},"canonical":"https:\/\/boatsman-financials.de\/en\/imprint\/","og_locale":"en_GB","og_type":"article","og_title":"Impressum","og_description":"Boatsman Financials GmbH AdresseSenator-Borttscheller-Str. 1b27568 Bremerhaven Emailinfo@boatsman-financials.de Telefon\u00a0+49(0)157 92 50 14 10 Inhaltlich Verantwortlicher: gem\u00e4\u00df \u00a7 10 Absatz 3 MDStV Herr Marek Endter mit obiger Anschrift Grafiken und BilderBilder von Pixabay.com und Unsplash.com:Alle bereitgestellten Bilder und Videos auf Pixabay und Unsplash sind gemeinfrei (Public Domain) entsprechend der Verzichtserkl\u00e4rung Creative Commons CC0. Soweit gesetzlich m\u00f6glich, wurden [&hellip;]","og_url":"https:\/\/boatsman-financials.de\/en\/imprint\/","og_site_name":"Boatsman Financials","article_modified_time":"2026-03-26T10:14:36+00:00","twitter_card":"summary_large_image","twitter_misc":{"Estimated reading time":"2 minutes"},"schema":{"@context":"https:\/\/schema.org","@graph":[{"@type":"WebPage","@id":"https:\/\/boatsman-financials.de\/impressum\/","url":"https:\/\/boatsman-financials.de\/impressum\/","name":"Imprint - Boatsman Financials","isPartOf":{"@id":"https:\/\/boatsman-financials.de\/#website"},"datePublished":"2023-04-12T17:06:21+00:00","dateModified":"2026-03-26T10:14:36+00:00","breadcrumb":{"@id":"https:\/\/boatsman-financials.de\/impressum\/#breadcrumb"},"inLanguage":"en-GB","potentialAction":[{"@type":"ReadAction","target":["https:\/\/boatsman-financials.de\/impressum\/"]}]},{"@type":"BreadcrumbList","@id":"https:\/\/boatsman-financials.de\/impressum\/#breadcrumb","itemListElement":[{"@type":"ListItem","position":1,"name":"Startseite","item":"https:\/\/boatsman-financials.de\/"},{"@type":"ListItem","position":2,"name":"Impressum"}]},{"@type":"WebSite","@id":"https:\/\/boatsman-financials.de\/#website","url":"https:\/\/boatsman-financials.de\/","name":"Boatsman Financials","description":"Your contact for foreign business","publisher":{"@id":"https:\/\/boatsman-financials.de\/#organization"},"potentialAction":[{"@type":"SearchAction","target":{"@type":"EntryPoint","urlTemplate":"https:\/\/boatsman-financials.de\/?s={search_term_string}"},"query-input":{"@type":"PropertyValueSpecification","valueRequired":true,"valueName":"search_term_string"}}],"inLanguage":"en-GB"},{"@type":"Organization","@id":"https:\/\/boatsman-financials.de\/#organization","name":"Boatsman Financials","url":"https:\/\/boatsman-financials.de\/","logo":{"@type":"ImageObject","inLanguage":"en-GB","@id":"https:\/\/boatsman-financials.de\/#\/schema\/logo\/image\/","url":"https:\/\/boatsman-financials.de\/wp-content\/uploads\/2023\/10\/Boatsman-Financials-Logo.png","contentUrl":"https:\/\/boatsman-financials.de\/wp-content\/uploads\/2023\/10\/Boatsman-Financials-Logo.png","width":1920,"height":721,"caption":"Boatsman Financials"},"image":{"@id":"https:\/\/boatsman-financials.de\/#\/schema\/logo\/image\/"}}]}},"_links":{"self":[{"href":"https:\/\/boatsman-financials.de\/en\/wp-json\/wp\/v2\/pages\/1359","targetHints":{"allow":["GET"]}}],"collection":[{"href":"https:\/\/boatsman-financials.de\/en\/wp-json\/wp\/v2\/pages"}],"about":[{"href":"https:\/\/boatsman-financials.de\/en\/wp-json\/wp\/v2\/types\/page"}],"author":[{"embeddable":true,"href":"https:\/\/boatsman-financials.de\/en\/wp-json\/wp\/v2\/users\/4"}],"replies":[{"embeddable":true,"href":"https:\/\/boatsman-financials.de\/en\/wp-json\/wp\/v2\/comments?post=1359"}],"version-history":[{"count":6,"href":"https:\/\/boatsman-financials.de\/en\/wp-json\/wp\/v2\/pages\/1359\/revisions"}],"predecessor-version":[{"id":10051,"href":"https:\/\/boatsman-financials.de\/en\/wp-json\/wp\/v2\/pages\/1359\/revisions\/10051"}],"wp:attachment":[{"href":"https:\/\/boatsman-financials.de\/en\/wp-json\/wp\/v2\/media?parent=1359"}],"curies":[{"name":"wp","href":"https:\/\/api.w.org\/{rel}","templated":true}]}}